{"id":56,"date":"2023-03-07T12:35:02","date_gmt":"2023-03-07T11:35:02","guid":{"rendered":"http:\/\/immobilieninpolen.pl\/?page_id=56"},"modified":"2024-12-04T19:42:27","modified_gmt":"2024-12-04T18:42:27","slug":"immobilien-in-polen","status":"publish","type":"page","link":"https:\/\/immobilieninpolen.pl\/","title":{"rendered":"Attraktiven Immobilien am Polnischen Meer"},"content":{"rendered":"\n<p>Entdecken Sie eine Vielzahl wundersch\u00f6ner und begehrter Immobilien entlang der atemberaubenden K\u00fcste Polens. Von modernen Apartments mit spektakul\u00e4rem Meerblick bis hin zu charmanten Ferienh\u00e4usern und Villen bieten wir Immobilien f\u00fcr jedes Budget und jeden Geschmack. Ob Sie nach einem ruhigen R\u00fcckzugsort, einem luxuri\u00f6sen Ferienhaus oder einer Investitionsm\u00f6glichkeit suchen, unsere Angebote bieten die besten Optionen an der polnischen Ostsee.<\/p>\n\n\n\n<p>Erforschen Sie das Potenzial, eine Immobilie in einer der malerischsten und dynamischsten Regionen Polens zu besitzen. Mit einfachem Zugang zu Sandstr\u00e4nden, lebhaften Kurorten und florierenden lokalen Gemeinschaften war das Leben am Meer noch nie so verlockend.<\/p>\n\n\n\n<p>Beginnen Sie noch heute Ihre Reise zu Ihrer Traumimmobilie an der K\u00fcste.<\/p>\n","protected":false},"excerpt":{"rendered":"<p>Entdecken Sie eine Vielzahl wundersch\u00f6ner und begehrter Immobilien entlang der atemberaubenden K\u00fcste Polens. Von modernen Apartments mit spektakul\u00e4rem Meerblick bis hin zu charmanten Ferienh\u00e4usern und [&hellip;]<\/p>\n","protected":false},"author":1,"featured_media":246,"parent":0,"menu_order":0,"comment_status":"closed","ping_status":"closed","template":"","meta":{"footnotes":""},"class_list":["post-56","page","type-page","status-publish","has-post-thumbnail","hentry"],"yoast_head":"<!-- This site is optimized with the Yoast SEO plugin v20.2.1 - https:\/\/yoast.com\/wordpress\/plugins\/seo\/ -->\n<title>Attraktiven Immobilien am Polnischen Meer - Immobilien in Polen<\/title>\n<meta name=\"description\" content=\"Anzeigen von attraktiven Immobilien am Meer. Neubau Eigentum bezugsfertig. H\u00e4user und Wohnungen in Polen in der N\u00e4he des Yachthafens &amp; Meeres.\" \/>\n<meta name=\"robots\" content=\"index, follow, max-snippet:-1, max-image-preview:large, max-video-preview:-1\" \/>\n<link rel=\"canonical\" href=\"https:\/\/immobilieninpolen.pl\/\" \/>\n<meta property=\"og:locale\" content=\"pl_PL\" \/>\n<meta property=\"og:type\" content=\"article\" \/>\n<meta property=\"og:title\" content=\"Attraktiven Immobilien am Polnischen Meer - Immobilien in Polen\" \/>\n<meta property=\"og:description\" content=\"Anzeigen von attraktiven Immobilien am Meer. Neubau Eigentum bezugsfertig. H\u00e4user und Wohnungen in Polen in der N\u00e4he des Yachthafens &amp; Meeres.\" \/>\n<meta property=\"og:url\" content=\"https:\/\/immobilieninpolen.pl\/\" \/>\n<meta property=\"og:site_name\" content=\"Immobilien in Polen\" \/>\n<meta property=\"article:modified_time\" content=\"2024-12-04T18:42:27+00:00\" \/>\n<meta property=\"og:image\" content=\"https:\/\/immobilieninpolen.pl\/wp-content\/uploads\/2023\/11\/Hauser-zum-Verkauf-Koszalin-Jamno-Polen-scaled.jpg\" \/>\n\t<meta property=\"og:image:width\" content=\"2560\" \/>\n\t<meta property=\"og:image:height\" content=\"1920\" \/>\n\t<meta property=\"og:image:type\" content=\"image\/jpeg\" \/>\n<meta name=\"twitter:card\" content=\"summary_large_image\" \/>\n<script type=\"application\/ld+json\" class=\"yoast-schema-graph\">{\"@context\":\"https:\/\/schema.org\",\"@graph\":[{\"@type\":\"WebPage\",\"@id\":\"https:\/\/immobilieninpolen.pl\/\",\"url\":\"https:\/\/immobilieninpolen.pl\/\",\"name\":\"Attraktiven Immobilien am Polnischen Meer - Immobilien in Polen\",\"isPartOf\":{\"@id\":\"https:\/\/immobilieninpolen.pl\/#website\"},\"datePublished\":\"2023-03-07T11:35:02+00:00\",\"dateModified\":\"2024-12-04T18:42:27+00:00\",\"description\":\"Anzeigen von attraktiven Immobilien am Meer. Neubau Eigentum bezugsfertig. H\u00e4user und Wohnungen in Polen in der N\u00e4he des Yachthafens & Meeres.\",\"breadcrumb\":{\"@id\":\"https:\/\/immobilieninpolen.pl\/#breadcrumb\"},\"inLanguage\":\"pl-PL\",\"potentialAction\":[{\"@type\":\"ReadAction\",\"target\":[\"https:\/\/immobilieninpolen.pl\/\"]}]},{\"@type\":\"BreadcrumbList\",\"@id\":\"https:\/\/immobilieninpolen.pl\/#breadcrumb\",\"itemListElement\":[{\"@type\":\"ListItem\",\"position\":1,\"name\":\"Strona g\u0142\u00f3wna\",\"item\":\"https:\/\/immobilieninpolen.pl\/\"},{\"@type\":\"ListItem\",\"position\":2,\"name\":\"Attraktiven Immobilien am Polnischen Meer\"}]},{\"@type\":\"WebSite\",\"@id\":\"https:\/\/immobilieninpolen.pl\/#website\",\"url\":\"https:\/\/immobilieninpolen.pl\/\",\"name\":\"Immobilien in Polen\",\"description\":\"Attraktiven Immobilien am Polnischen Meer\",\"publisher\":{\"@id\":\"https:\/\/immobilieninpolen.pl\/#organization\"},\"potentialAction\":[{\"@type\":\"SearchAction\",\"target\":{\"@type\":\"EntryPoint\",\"urlTemplate\":\"https:\/\/immobilieninpolen.pl\/?s={search_term_string}\"},\"query-input\":\"required name=search_term_string\"}],\"inLanguage\":\"pl-PL\"},{\"@type\":\"Organization\",\"@id\":\"https:\/\/immobilieninpolen.pl\/#organization\",\"name\":\"Attraktive H\u00e4user und Wohnungen in Meeresn\u00e4he\",\"url\":\"https:\/\/immobilieninpolen.pl\/\",\"logo\":{\"@type\":\"ImageObject\",\"inLanguage\":\"pl-PL\",\"@id\":\"https:\/\/immobilieninpolen.pl\/#\/schema\/logo\/image\/\",\"url\":\"https:\/\/immobilieninpolen.pl\/wp-content\/uploads\/2023\/09\/cropped-logo-sun-2.png\",\"contentUrl\":\"https:\/\/immobilieninpolen.pl\/wp-content\/uploads\/2023\/09\/cropped-logo-sun-2.png\",\"width\":230,\"height\":230,\"caption\":\"Attraktive H\u00e4user und Wohnungen in Meeresn\u00e4he\"},\"image\":{\"@id\":\"https:\/\/immobilieninpolen.pl\/#\/schema\/logo\/image\/\"}}]}<\/script>\n<!-- \/ Yoast SEO plugin. -->","yoast_head_json":{"title":"Attraktiven Immobilien am Polnischen Meer - Immobilien in Polen","description":"Anzeigen von attraktiven Immobilien am Meer. Neubau Eigentum bezugsfertig. H\u00e4user und Wohnungen in Polen in der N\u00e4he des Yachthafens & Meeres.","robots":{"index":"index","follow":"follow","max-snippet":"max-snippet:-1","max-image-preview":"max-image-preview:large","max-video-preview":"max-video-preview:-1"},"canonical":"https:\/\/immobilieninpolen.pl\/","og_locale":"pl_PL","og_type":"article","og_title":"Attraktiven Immobilien am Polnischen Meer - Immobilien in Polen","og_description":"Anzeigen von attraktiven Immobilien am Meer. Neubau Eigentum bezugsfertig. H\u00e4user und Wohnungen in Polen in der N\u00e4he des Yachthafens & Meeres.","og_url":"https:\/\/immobilieninpolen.pl\/","og_site_name":"Immobilien in Polen","article_modified_time":"2024-12-04T18:42:27+00:00","og_image":[{"width":2560,"height":1920,"url":"https:\/\/immobilieninpolen.pl\/wp-content\/uploads\/2023\/11\/Hauser-zum-Verkauf-Koszalin-Jamno-Polen-scaled.jpg","type":"image\/jpeg"}],"twitter_card":"summary_large_image","schema":{"@context":"https:\/\/schema.org","@graph":[{"@type":"WebPage","@id":"https:\/\/immobilieninpolen.pl\/","url":"https:\/\/immobilieninpolen.pl\/","name":"Attraktiven Immobilien am Polnischen Meer - Immobilien in Polen","isPartOf":{"@id":"https:\/\/immobilieninpolen.pl\/#website"},"datePublished":"2023-03-07T11:35:02+00:00","dateModified":"2024-12-04T18:42:27+00:00","description":"Anzeigen von attraktiven Immobilien am Meer. Neubau Eigentum bezugsfertig. H\u00e4user und Wohnungen in Polen in der N\u00e4he des Yachthafens & Meeres.","breadcrumb":{"@id":"https:\/\/immobilieninpolen.pl\/#breadcrumb"},"inLanguage":"pl-PL","potentialAction":[{"@type":"ReadAction","target":["https:\/\/immobilieninpolen.pl\/"]}]},{"@type":"BreadcrumbList","@id":"https:\/\/immobilieninpolen.pl\/#breadcrumb","itemListElement":[{"@type":"ListItem","position":1,"name":"Strona g\u0142\u00f3wna","item":"https:\/\/immobilieninpolen.pl\/"},{"@type":"ListItem","position":2,"name":"Attraktiven Immobilien am Polnischen Meer"}]},{"@type":"WebSite","@id":"https:\/\/immobilieninpolen.pl\/#website","url":"https:\/\/immobilieninpolen.pl\/","name":"Immobilien in Polen","description":"Attraktiven Immobilien am Polnischen Meer","publisher":{"@id":"https:\/\/immobilieninpolen.pl\/#organization"},"potentialAction":[{"@type":"SearchAction","target":{"@type":"EntryPoint","urlTemplate":"https:\/\/immobilieninpolen.pl\/?s={search_term_string}"},"query-input":"required name=search_term_string"}],"inLanguage":"pl-PL"},{"@type":"Organization","@id":"https:\/\/immobilieninpolen.pl\/#organization","name":"Attraktive H\u00e4user und Wohnungen in Meeresn\u00e4he","url":"https:\/\/immobilieninpolen.pl\/","logo":{"@type":"ImageObject","inLanguage":"pl-PL","@id":"https:\/\/immobilieninpolen.pl\/#\/schema\/logo\/image\/","url":"https:\/\/immobilieninpolen.pl\/wp-content\/uploads\/2023\/09\/cropped-logo-sun-2.png","contentUrl":"https:\/\/immobilieninpolen.pl\/wp-content\/uploads\/2023\/09\/cropped-logo-sun-2.png","width":230,"height":230,"caption":"Attraktive H\u00e4user und Wohnungen in Meeresn\u00e4he"},"image":{"@id":"https:\/\/immobilieninpolen.pl\/#\/schema\/logo\/image\/"}}]}},"_links":{"self":[{"href":"https:\/\/immobilieninpolen.pl\/index.php\/wp-json\/wp\/v2\/pages\/56","targetHints":{"allow":["GET"]}}],"collection":[{"href":"https:\/\/immobilieninpolen.pl\/index.php\/wp-json\/wp\/v2\/pages"}],"about":[{"href":"https:\/\/immobilieninpolen.pl\/index.php\/wp-json\/wp\/v2\/types\/page"}],"author":[{"embeddable":true,"href":"https:\/\/immobilieninpolen.pl\/index.php\/wp-json\/wp\/v2\/users\/1"}],"replies":[{"embeddable":true,"href":"https:\/\/immobilieninpolen.pl\/index.php\/wp-json\/wp\/v2\/comments?post=56"}],"version-history":[{"count":5,"href":"https:\/\/immobilieninpolen.pl\/index.php\/wp-json\/wp\/v2\/pages\/56\/revisions"}],"predecessor-version":[{"id":274,"href":"https:\/\/immobilieninpolen.pl\/index.php\/wp-json\/wp\/v2\/pages\/56\/revisions\/274"}],"wp:featuredmedia":[{"embeddable":true,"href":"https:\/\/immobilieninpolen.pl\/index.php\/wp-json\/wp\/v2\/media\/246"}],"wp:attachment":[{"href":"https:\/\/immobilieninpolen.pl\/index.php\/wp-json\/wp\/v2\/media?parent=56"}],"curies":[{"name":"wp","href":"https:\/\/api.w.org\/{rel}","templated":true}]}}